{"id":755,"date":"2025-06-04T14:11:35","date_gmt":"2025-06-04T12:11:35","guid":{"rendered":"https:\/\/hank-industries.de\/?page_id=755"},"modified":"2026-02-19T11:00:34","modified_gmt":"2026-02-19T10:00:34","slug":"legal-notice","status":"publish","type":"page","link":"https:\/\/hank-industries.de\/en\/impressum\/","title":{"rendered":"Legal notice"},"content":{"rendered":"<h1 class=\"wp-block-heading\">Legal notice<\/h1>\n\n\n\n<p>HANK industries GmbH<br>Calauer 65<br>03048 Cottbus<\/p>\n\n\n\n<p>Handelsregister: HRB 16570 CB<br>Registergericht: Amtsgericht Cottbus<\/p>\n\n\n\n<p><strong>Represented by:<\/strong><br>Kerwin Handrow<br>Andreas Neukirch<\/p>\n\n\n\n<h2 class=\"wp-block-heading\">Contact<\/h2>\n\n\n\n<p>HANK industries GmbH<br>Calauer 65<br>03048 Cottbus<\/p>\n\n\n\n<p>Phone: 0160 97 02 3585<br>Phone: 0174 65 79 115<br>info@HANK-industries.de<br><a href=\"https:\/\/hank-industries.de\/en\/\">www.HANK-industries.de<\/a><\/p>\n\n\n\n<h2 class=\"wp-block-heading\">VAT ID<\/h2>\n\n\n\n<p>Sales tax identification number in accordance with Section 27a of the Sales Tax Act:<br>DE&nbsp;328&nbsp;248&nbsp;123<\/p>\n\n\n\n<h2 class=\"wp-block-heading\">Supervisory authority<\/h2>\n\n\n\n<p><strong>Handwerkskammer Cottbus<br><\/strong>Altmarkt 17<br>03046 Cottbus<br><a href=\"https:\/\/www.hwk-cottbus.de\/\">https:\/\/www.hwk-cottbus.de\/<\/a><\/p>\n\n\n\n<p><strong>Berufsgenossenschaft Holz Metall<br><\/strong>Isaac-Fulda-Allee 18<br>55124 Mainz<br><a href=\"https:\/\/www.bghm.de\/home\">https:\/\/www.bghm.de\/home<\/a><\/p>\n\n\n\n<h2 class=\"wp-block-heading\">Information on professional liability insurance<\/h2>\n\n\n\n<p><strong>Name and registered office of the insurer:<\/strong><br>Allianz Deutschland AG<br>K\u00f6niginstra\u00dfe 28<br>80802 M\u00fcnchen<\/p>\n\n\n\n<p><strong>Area of coverage of the insurance:<\/strong><br>Germany<\/p>\n\n\n\n<h2 class=\"wp-block-heading\">EU dispute resolution<\/h2>\n\n\n\n<p>The European Commission provides a platform for online dispute resolution (ODR):<br>https:\/\/ec.europa.eu\/consumers\/odr\/.<br>You can find our email address at the top of the legal notice.<\/p>\n\n\n\n<h2 class=\"wp-block-heading\">Consumer dispute resolution\/universal arbitration body<\/h2>\n\n\n\n<p>We are not willing or obliged to participate in dispute resolution proceedings before a consumer arbitration board.<\/p>\n\n\n\n<h2 class=\"wp-block-heading\">Disclaimer<\/h2>\n\n\n\n<h3 class=\"wp-block-heading\"><strong>Liability for content<\/strong><\/h3>\n\n\n\n<p>As a service provider, we are responsible for our own content on these pages in accordance with \u00a7 7 para. 1 TMG (German Telemedia Act) and general laws. However, according to \u00a7\u00a7 8 to 10 TMG, we are not obliged as a service provider to monitor transmitted or stored third-party information or to investigate circumstances that indicate illegal activity. Obligations to remove or block the use of information in accordance with general laws remain unaffected by this. However, liability in this regard is only possible from the time we become aware of a specific legal violation. If we become aware of such legal violations, we will remove this content immediately.<\/p>\n\n\n\n<h3 class=\"wp-block-heading\"><strong>Liability for links<\/strong><\/h3>\n\n\n\n<p>Our website contains links to external third-party websites over whose content we have no influence. Therefore, we cannot accept any liability for this external content. The respective provider or operator of the linked pages is always responsible for their content. The linked pages were checked for possible legal violations at the time of linking. No illegal content was found at the time of linking. However, permanent monitoring of the content of the linked pages is not reasonable without concrete evidence of a violation of the law. If we become aware of any violations of the law, we will remove such links immediately.<\/p>\n\n\n\n<h3 class=\"wp-block-heading\"><strong>Copyright<\/strong><\/h3>\n\n\n\n<p>The content and works on these pages created by the site operators are subject to German copyright law. The reproduction, editing, distribution, and any kind of use outside the limits of copyright law require the written consent of the respective author or creator. Downloads and copies of this site are only permitted for private, non-commercial use. Insofar as the content on this site was not created by the operator, the copyrights of third parties are respected. In particular, third-party content is identified as such. Should you nevertheless become aware of a copyright infringement, please inform us accordingly. If we become aware of any infringements, we will remove such content immediately.<\/p>\n\n\n\n<h2 class=\"wp-block-heading\">Image credits<\/h2>\n\n\n\n<p><a href=\"https:\/\/unsplash.com\/\">https:\/\/unsplash.com\/<\/a><br>Chaimongkol Khumkhotsoong, <a href=\"https:\/\/www.istockphoto.com\/de\/portfolio\/ChaimongkolKhumkhotsoong?mediatype=photography\">iStock<\/a><br>ads861, <a href=\"https:\/\/www.istockphoto.com\/de\/portfolio\/ads861?mediatype=photography\">iStock<\/a><\/p>\n\n\n\n<h2 class=\"wp-block-heading\">Website<\/h2>\n\n\n\n<p><strong>Leipzig Local.<\/strong><br>Agentur und Medienhaus in einem. <br><a href=\"https:\/\/leipziglocal.de\" target=\"_blank\" rel=\"noreferrer noopener\">https:\/\/leipziglocal.de<\/a><\/p>\n\n\n\n<p><\/p>","protected":false},"excerpt":{"rendered":"<p>Impressum HANK industries GmbHCalauer 6503048 Cottbus Handelsregister: HRB 16570 CBRegistergericht: Amtsgericht Cottbus Vertreten durch:Kerwin HandrowAndreas Neukirch Kontakt HANK industries GmbHCalauer 6503048 Cottbus Tel.: 0160 97 02 3585Tel.: 0174 65 79 115info@HANK-industries.dewww.HANK-industries.de Umsatzsteuer-ID Umsatzsteuer-Identifikationsnummer gem\u00e4\u00df \u00a7 27 a Umsatzsteuergesetz:DE&nbsp;328&nbsp;248&nbsp;123 Aufsichtsbeh\u00f6rde Handwerkskammer CottbusAltmarkt 1703046 Cottbushttps:\/\/www.hwk-cottbus.de\/ Berufsgenossenschaft Holz MetallIsaac-Fulda-Allee 1855124 Mainzhttps:\/\/www.bghm.de\/home Angaben zur Berufs\u00adhaftpflicht\u00adversicherung Name und Sitz des&#8230;<\/p>","protected":false},"author":1,"featured_media":0,"parent":0,"menu_order":0,"comment_status":"closed","ping_status":"closed","template":"","meta":{"_kad_blocks_custom_css":"","_kad_blocks_head_custom_js":"","_kad_blocks_body_custom_js":"","_kad_blocks_footer_custom_js":"","_kad_post_transparent":"","_kad_post_title":"","_kad_post_layout":"","_kad_post_sidebar_id":"","_kad_post_content_style":"","_kad_post_vertical_padding":"","_kad_post_feature":"","_kad_post_feature_position":"","_kad_post_header":false,"_kad_post_footer":false,"_kad_post_classname":"","footnotes":""},"class_list":["post-755","page","type-page","status-publish","hentry"],"taxonomy_info":[],"featured_image_src_large":false,"author_info":{"display_name":"hank-admin","author_link":"https:\/\/hank-industries.de\/en\/author\/hank-admin\/"},"comment_info":0,"_links":{"self":[{"href":"https:\/\/hank-industries.de\/en\/wp-json\/wp\/v2\/pages\/755","targetHints":{"allow":["GET"]}}],"collection":[{"href":"https:\/\/hank-industries.de\/en\/wp-json\/wp\/v2\/pages"}],"about":[{"href":"https:\/\/hank-industries.de\/en\/wp-json\/wp\/v2\/types\/page"}],"author":[{"embeddable":true,"href":"https:\/\/hank-industries.de\/en\/wp-json\/wp\/v2\/users\/1"}],"replies":[{"embeddable":true,"href":"https:\/\/hank-industries.de\/en\/wp-json\/wp\/v2\/comments?post=755"}],"version-history":[{"count":10,"href":"https:\/\/hank-industries.de\/en\/wp-json\/wp\/v2\/pages\/755\/revisions"}],"predecessor-version":[{"id":1298,"href":"https:\/\/hank-industries.de\/en\/wp-json\/wp\/v2\/pages\/755\/revisions\/1298"}],"wp:attachment":[{"href":"https:\/\/hank-industries.de\/en\/wp-json\/wp\/v2\/media?parent=755"}],"curies":[{"name":"wp","href":"https:\/\/api.w.org\/{rel}","templated":true}]}}